{"id":122,"date":"2019-01-12T15:48:02","date_gmt":"2019-01-12T14:48:02","guid":{"rendered":"http:\/\/bdlire.fr\/?page_id=122"},"modified":"2019-01-22T14:21:55","modified_gmt":"2019-01-22T13:21:55","slug":"manifeste-pour-une-bd-qui-delire","status":"publish","type":"page","link":"https:\/\/bdlire.fr\/index.php\/manifeste-pour-une-bd-qui-delire\/","title":{"rendered":"Pourquoi BDLire"},"content":{"rendered":"<div style='text-align:left' class='yasr-auto-insert-visitor'><\/div><p>La bande dessin\u00e9e est un monde d&#8217;une richesse incroyable avec des histoires vraies, des histoires fausses, des com\u00e9dies, des drames, des polars, dans des univers loufoques ou tr\u00e8s r\u00e9alistes.<\/p>\n<p>On peut avoir envie de traverser ce monde en changeant d&#8217;atmosph\u00e8res r\u00e9guli\u00e8rement ou au contraire en restant fid\u00e8le \u00e0 un style pr\u00e9cis.<\/p>\n<p>Mais comment faire les bons choix sachant qu&#8217;il sort en moyenne 5000 nouvelles bandes dessin\u00e9es par an. En \u00e9coutant ceux autour de vous pardi ou en lisant<span style=\"color: #c41212;\"><strong> BD<\/strong><\/span>Lire r\u00e9guli\u00e8rement.<\/p>\n<p>L\u2019objectif de <strong><span style=\"color: #c41212;\">BD<\/span><\/strong>Lire est simple : partager avec vous notre passion et les BD qui nous ont fait d\u00e9lirer pour vous donner envie de les Lire.<\/p>\n<ul style=\"-webkit-padding-start: 18px;\" type=\"circle\">\n<li>Ne pas \u00eatre exhaustif<\/li>\n<li>Parler surtout des BD qu\u2019on a aim\u00e9<\/li>\n<li>Ne pas se prendre au s\u00e9rieux<\/li>\n<li>\u00catre \u00e0 l\u2019\u00e9coute de vos commentaires<\/li>\n<\/ul>\n<p><img decoding=\"async\" loading=\"lazy\" class=\"alignnone size-medium wp-image-321 aligncenter\" src=\"https:\/\/bdlire.fr\/wp-content\/uploads\/2019\/01\/agaffe-fete-ses-60-ans-300x199.jpg\" alt=\"\" width=\"300\" height=\"199\" srcset=\"https:\/\/bdlire.fr\/wp-content\/uploads\/2019\/01\/agaffe-fete-ses-60-ans-300x199.jpg 300w, https:\/\/bdlire.fr\/wp-content\/uploads\/2019\/01\/agaffe-fete-ses-60-ans-768x510.jpg 768w, https:\/\/bdlire.fr\/wp-content\/uploads\/2019\/01\/agaffe-fete-ses-60-ans-200x133.jpg 200w, https:\/\/bdlire.fr\/wp-content\/uploads\/2019\/01\/agaffe-fete-ses-60-ans-690x458.jpg 690w, https:\/\/bdlire.fr\/wp-content\/uploads\/2019\/01\/agaffe-fete-ses-60-ans.jpg 880w\" sizes=\"(max-width: 300px) 100vw, 300px\" \/><\/p>\n<p>&nbsp;<\/p>\n","protected":false},"excerpt":{"rendered":"<p>La bande dessin\u00e9e est un monde d&#8217;une richesse incroyable avec des histoires vraies, des histoires fausses, des com\u00e9dies, des drames, des polars, dans des univers loufoques ou tr\u00e8s r\u00e9alistes. On peut avoir envie de traverser <a class=\"read-more\" href=\"https:\/\/bdlire.fr\/index.php\/manifeste-pour-une-bd-qui-delire\/\">&#8230;<\/a><\/p>\n","protected":false},"author":1,"featured_media":0,"parent":0,"menu_order":0,"comment_status":"closed","ping_status":"closed","template":"","meta":{"_mi_skip_tracking":false,"cybocfi_hide_featured_image":"","yasr_overall_rating":0,"yasr_post_is_review":"","yasr_auto_insert_disabled":"","yasr_review_type":""},"yoast_head":"<!-- This site is optimized with the Yoast SEO plugin v20.6 - https:\/\/yoast.com\/wordpress\/plugins\/seo\/ -->\n<title>Pourquoi BDLire - BDLIRE<\/title>\n<meta name=\"robots\" content=\"index, follow, max-snippet:-1, max-image-preview:large, max-video-preview:-1\" \/>\n<link rel=\"canonical\" href=\"https:\/\/bdlire.fr\/index.php\/manifeste-pour-une-bd-qui-delire\/\" \/>\n<meta property=\"og:locale\" content=\"fr_FR\" \/>\n<meta property=\"og:type\" content=\"article\" \/>\n<meta property=\"og:title\" content=\"Pourquoi BDLire - BDLIRE\" \/>\n<meta property=\"og:description\" content=\"La bande dessin\u00e9e est un monde d&#8217;une richesse incroyable avec des histoires vraies, des histoires fausses, des com\u00e9dies, des drames, des polars, dans des univers loufoques ou tr\u00e8s r\u00e9alistes. On peut avoir envie de traverser ...\" \/>\n<meta property=\"og:url\" content=\"https:\/\/bdlire.fr\/index.php\/manifeste-pour-une-bd-qui-delire\/\" \/>\n<meta property=\"og:site_name\" content=\"BDLIRE\" \/>\n<meta property=\"article:publisher\" content=\"https:\/\/www.facebook.com\/BDLire\" \/>\n<meta property=\"article:modified_time\" content=\"2019-01-22T13:21:55+00:00\" \/>\n<meta property=\"og:image\" content=\"https:\/\/bdlire.fr\/wp-content\/uploads\/2019\/01\/agaffe-fete-ses-60-ans-300x199.jpg\" \/>\n<meta name=\"twitter:card\" content=\"summary_large_image\" \/>\n<meta name=\"twitter:site\" content=\"@bd_lire\" \/>\n<meta name=\"twitter:label1\" content=\"Dur\u00e9e de lecture estim\u00e9e\" \/>\n\t<meta name=\"twitter:data1\" content=\"1 minute\" \/>\n<script type=\"application\/ld+json\" class=\"yoast-schema-graph\">{\"@context\":\"https:\/\/schema.org\",\"@graph\":[{\"@type\":\"WebPage\",\"@id\":\"https:\/\/bdlire.fr\/index.php\/manifeste-pour-une-bd-qui-delire\/\",\"url\":\"https:\/\/bdlire.fr\/index.php\/manifeste-pour-une-bd-qui-delire\/\",\"name\":\"Pourquoi BDLire - BDLIRE\",\"isPartOf\":{\"@id\":\"https:\/\/bdlire.fr\/#website\"},\"datePublished\":\"2019-01-12T14:48:02+00:00\",\"dateModified\":\"2019-01-22T13:21:55+00:00\",\"breadcrumb\":{\"@id\":\"https:\/\/bdlire.fr\/index.php\/manifeste-pour-une-bd-qui-delire\/#breadcrumb\"},\"inLanguage\":\"fr-FR\",\"potentialAction\":[{\"@type\":\"ReadAction\",\"target\":[\"https:\/\/bdlire.fr\/index.php\/manifeste-pour-une-bd-qui-delire\/\"]}]},{\"@type\":\"BreadcrumbList\",\"@id\":\"https:\/\/bdlire.fr\/index.php\/manifeste-pour-une-bd-qui-delire\/#breadcrumb\",\"itemListElement\":[{\"@type\":\"ListItem\",\"position\":1,\"name\":\"Accueil\",\"item\":\"https:\/\/bdlire.fr\/\"},{\"@type\":\"ListItem\",\"position\":2,\"name\":\"Pourquoi BDLire\"}]},{\"@type\":\"WebSite\",\"@id\":\"https:\/\/bdlire.fr\/#website\",\"url\":\"https:\/\/bdlire.fr\/\",\"name\":\"BDLIRE\",\"description\":\"Des BDs et des d\u00e9lires\",\"publisher\":{\"@id\":\"https:\/\/bdlire.fr\/#organization\"},\"potentialAction\":[{\"@type\":\"SearchAction\",\"target\":{\"@type\":\"EntryPoint\",\"urlTemplate\":\"https:\/\/bdlire.fr\/?s={search_term_string}\"},\"query-input\":\"required name=search_term_string\"}],\"inLanguage\":\"fr-FR\"},{\"@type\":\"Organization\",\"@id\":\"https:\/\/bdlire.fr\/#organization\",\"name\":\"BDLIRE\",\"url\":\"https:\/\/bdlire.fr\/\",\"logo\":{\"@type\":\"ImageObject\",\"inLanguage\":\"fr-FR\",\"@id\":\"https:\/\/bdlire.fr\/#\/schema\/logo\/image\/\",\"url\":\"https:\/\/bdlire.fr\/wp-content\/uploads\/2019\/01\/logo-bdlire.png\",\"contentUrl\":\"https:\/\/bdlire.fr\/wp-content\/uploads\/2019\/01\/logo-bdlire.png\",\"width\":200,\"height\":80,\"caption\":\"BDLIRE\"},\"image\":{\"@id\":\"https:\/\/bdlire.fr\/#\/schema\/logo\/image\/\"},\"sameAs\":[\"https:\/\/www.facebook.com\/BDLire\",\"https:\/\/twitter.com\/bd_lire\",\"https:\/\/www.instagram.com\/bdlire_2020\/\"]}]}<\/script>\n<!-- \/ Yoast SEO plugin. -->","yoast_head_json":{"title":"Pourquoi BDLire - BDLIRE","robots":{"index":"index","follow":"follow","max-snippet":"max-snippet:-1","max-image-preview":"max-image-preview:large","max-video-preview":"max-video-preview:-1"},"canonical":"https:\/\/bdlire.fr\/index.php\/manifeste-pour-une-bd-qui-delire\/","og_locale":"fr_FR","og_type":"article","og_title":"Pourquoi BDLire - BDLIRE","og_description":"La bande dessin\u00e9e est un monde d&#8217;une richesse incroyable avec des histoires vraies, des histoires fausses, des com\u00e9dies, des drames, des polars, dans des univers loufoques ou tr\u00e8s r\u00e9alistes. On peut avoir envie de traverser ...","og_url":"https:\/\/bdlire.fr\/index.php\/manifeste-pour-une-bd-qui-delire\/","og_site_name":"BDLIRE","article_publisher":"https:\/\/www.facebook.com\/BDLire","article_modified_time":"2019-01-22T13:21:55+00:00","og_image":[{"url":"https:\/\/bdlire.fr\/wp-content\/uploads\/2019\/01\/agaffe-fete-ses-60-ans-300x199.jpg"}],"twitter_card":"summary_large_image","twitter_site":"@bd_lire","twitter_misc":{"Dur\u00e9e de lecture estim\u00e9e":"1 minute"},"schema":{"@context":"https:\/\/schema.org","@graph":[{"@type":"WebPage","@id":"https:\/\/bdlire.fr\/index.php\/manifeste-pour-une-bd-qui-delire\/","url":"https:\/\/bdlire.fr\/index.php\/manifeste-pour-une-bd-qui-delire\/","name":"Pourquoi BDLire - BDLIRE","isPartOf":{"@id":"https:\/\/bdlire.fr\/#website"},"datePublished":"2019-01-12T14:48:02+00:00","dateModified":"2019-01-22T13:21:55+00:00","breadcrumb":{"@id":"https:\/\/bdlire.fr\/index.php\/manifeste-pour-une-bd-qui-delire\/#breadcrumb"},"inLanguage":"fr-FR","potentialAction":[{"@type":"ReadAction","target":["https:\/\/bdlire.fr\/index.php\/manifeste-pour-une-bd-qui-delire\/"]}]},{"@type":"BreadcrumbList","@id":"https:\/\/bdlire.fr\/index.php\/manifeste-pour-une-bd-qui-delire\/#breadcrumb","itemListElement":[{"@type":"ListItem","position":1,"name":"Accueil","item":"https:\/\/bdlire.fr\/"},{"@type":"ListItem","position":2,"name":"Pourquoi BDLire"}]},{"@type":"WebSite","@id":"https:\/\/bdlire.fr\/#website","url":"https:\/\/bdlire.fr\/","name":"BDLIRE","description":"Des BDs et des d\u00e9lires","publisher":{"@id":"https:\/\/bdlire.fr\/#organization"},"potentialAction":[{"@type":"SearchAction","target":{"@type":"EntryPoint","urlTemplate":"https:\/\/bdlire.fr\/?s={search_term_string}"},"query-input":"required name=search_term_string"}],"inLanguage":"fr-FR"},{"@type":"Organization","@id":"https:\/\/bdlire.fr\/#organization","name":"BDLIRE","url":"https:\/\/bdlire.fr\/","logo":{"@type":"ImageObject","inLanguage":"fr-FR","@id":"https:\/\/bdlire.fr\/#\/schema\/logo\/image\/","url":"https:\/\/bdlire.fr\/wp-content\/uploads\/2019\/01\/logo-bdlire.png","contentUrl":"https:\/\/bdlire.fr\/wp-content\/uploads\/2019\/01\/logo-bdlire.png","width":200,"height":80,"caption":"BDLIRE"},"image":{"@id":"https:\/\/bdlire.fr\/#\/schema\/logo\/image\/"},"sameAs":["https:\/\/www.facebook.com\/BDLire","https:\/\/twitter.com\/bd_lire","https:\/\/www.instagram.com\/bdlire_2020\/"]}]}},"yasr_visitor_votes":{"stars_attributes":{"read_only":false,"span_bottom":false},"number_of_votes":0,"sum_votes":0},"_links":{"self":[{"href":"https:\/\/bdlire.fr\/index.php\/wp-json\/wp\/v2\/pages\/122"}],"collection":[{"href":"https:\/\/bdlire.fr\/index.php\/wp-json\/wp\/v2\/pages"}],"about":[{"href":"https:\/\/bdlire.fr\/index.php\/wp-json\/wp\/v2\/types\/page"}],"author":[{"embeddable":true,"href":"https:\/\/bdlire.fr\/index.php\/wp-json\/wp\/v2\/users\/1"}],"replies":[{"embeddable":true,"href":"https:\/\/bdlire.fr\/index.php\/wp-json\/wp\/v2\/comments?post=122"}],"version-history":[{"count":10,"href":"https:\/\/bdlire.fr\/index.php\/wp-json\/wp\/v2\/pages\/122\/revisions"}],"predecessor-version":[{"id":477,"href":"https:\/\/bdlire.fr\/index.php\/wp-json\/wp\/v2\/pages\/122\/revisions\/477"}],"wp:attachment":[{"href":"https:\/\/bdlire.fr\/index.php\/wp-json\/wp\/v2\/media?parent=122"}],"curies":[{"name":"wp","href":"https:\/\/api.w.org\/{rel}","templated":true}]}}